{"id":2551,"date":"2020-07-12T11:55:47","date_gmt":"2020-07-12T11:55:47","guid":{"rendered":"http:\/\/nvocentarzarazvojisaradnju.com\/?page_id=2551"},"modified":"2020-07-12T13:07:43","modified_gmt":"2020-07-12T13:07:43","slug":"o-nama","status":"publish","type":"page","link":"https:\/\/nvocentarzarazvojisaradnju.com\/index.php\/o-nama\/","title":{"rendered":"O NAMA"},"content":{"rendered":"<p style=\"font-size: 20px;\"><strong>O ORGANIZACIJI<\/strong><\/p>\n<p><b>NVO CENTAR ZA RAZVOJ I SARADNJU<\/b> osnovala su 2013. godine stru\u010dna lica, koja su vi\u0161e godina bila anga\u017eovana na projektima i programima, koji su imali za cilj uspostavljanje lokalnih socijalnih usluga. Viza na\u0161e organizacije je uspostavljanje socijalno sigurne sredine na nivou op\u0161tina, \u010dime \u0107e se obezbediti i unaprediti kvalitet \u017eivota lica iz osetljivih kategorija &#8211; starih, dece, mladih, osoba sa invaliditetom, \u017eena, izbeglih, povratnika, IRL\u2026<\/p>\n<p>Trenutno na\u0161a organizacija ima \u0161irok portfolio partnera i saradnika, koji se sastoji od nevladinih organizacija, op\u0161tina, razvojnih agencija, MSP-a i nekoliko drugih institucija iz razli\u010ditih sektora. Radimo u saradnji sa doma\u0107im i me\u0111unarodnim, javnim i privatnim organizacijama i pru\u017eamo usluge znanja, stru\u010dnosti, obuke i konsultantske usluge s ciljem da otvorimo vrata ka novim mogu\u0107nostima.<\/p>\n<p>Radi ostvarivanja svojih ciljeva Udru\u017eenje \u0107e naro\u010dito razvijati slede\u0107e oblasti delovanja:<\/p>\n<ul>\n<li>Organizacija skupova, seminara savetovanja, predavanja, tribina, programa i radionica, samostalno ili u saradnji sa nadle\u017enim institucijama, drugim srodnim doma\u0107im i stranim organizacijama<\/li>\n<li>Formiranje biblioteka za decu i odrasle u skladu sa njihovim potrebama<\/li>\n<li>Stvaranje uslova da kroz edukativno-informativne programe ugro\u017eena lica promovi\u0161u svoje potrebe i prava u okviru zajednice<\/li>\n<li>Davanje informativno-edukativne podr\u0161ke vladinim i nevladinim organizacijama koje se bave istom problematikom<\/li>\n<li>Priprema i izra\u0111ivanje edukativnog materijala, priru\u010dnika, knjiga, promotivnog materijala, i drugih \u0161tampanih i elektronskih publikacija vezanih za ostvarivanje ciljeva Udru\u017eenja<\/li>\n<li>Saradnja i razmena informacija sa sli\u010dnim ustanovama, organizacijama, udru\u017eenjima i pojedincima u zemlji, regionu i svetu.<\/li>\n<\/ul>\n<p>&nbsp;<\/p>\n","protected":false},"excerpt":{"rendered":"<p>O ORGANIZACIJI NVO CENTAR ZA RAZVOJ I SARADNJU osnovala su 2013. godine stru\u010dna lica, koja su vi\u0161e godina bila anga\u017eovana [&hellip;]<\/p>\n","protected":false},"author":1,"featured_media":0,"parent":0,"menu_order":0,"comment_status":"closed","ping_status":"closed","template":"template-full-custom.php","meta":{"footnotes":""},"class_list":["post-2551","page","type-page","status-publish","hentry"],"_links":{"self":[{"href":"https:\/\/nvocentarzarazvojisaradnju.com\/index.php\/wp-json\/wp\/v2\/pages\/2551","targetHints":{"allow":["GET"]}}],"collection":[{"href":"https:\/\/nvocentarzarazvojisaradnju.com\/index.php\/wp-json\/wp\/v2\/pages"}],"about":[{"href":"https:\/\/nvocentarzarazvojisaradnju.com\/index.php\/wp-json\/wp\/v2\/types\/page"}],"author":[{"embeddable":true,"href":"https:\/\/nvocentarzarazvojisaradnju.com\/index.php\/wp-json\/wp\/v2\/users\/1"}],"replies":[{"embeddable":true,"href":"https:\/\/nvocentarzarazvojisaradnju.com\/index.php\/wp-json\/wp\/v2\/comments?post=2551"}],"version-history":[{"count":5,"href":"https:\/\/nvocentarzarazvojisaradnju.com\/index.php\/wp-json\/wp\/v2\/pages\/2551\/revisions"}],"predecessor-version":[{"id":2576,"href":"https:\/\/nvocentarzarazvojisaradnju.com\/index.php\/wp-json\/wp\/v2\/pages\/2551\/revisions\/2576"}],"wp:attachment":[{"href":"https:\/\/nvocentarzarazvojisaradnju.com\/index.php\/wp-json\/wp\/v2\/media?parent=2551"}],"curies":[{"name":"wp","href":"https:\/\/api.w.org\/{rel}","templated":true}]}}